{"id":8514,"date":"2025-03-12T14:45:32","date_gmt":"2025-03-12T14:45:32","guid":{"rendered":"https:\/\/finovate.vamtam.com\/?page_id=8514"},"modified":"2025-09-19T10:08:44","modified_gmt":"2025-09-19T10:08:44","slug":"megan-fox","status":"publish","type":"page","link":"https:\/\/crei.vnua.edu.vn\/?page_id=8514","title":{"rendered":"PGS.TS.B\u00f9i Tr\u1ea7n Anh \u0110\u00e0o"},"content":{"rendered":"\t\t<div data-elementor-type=\"wp-page\" data-elementor-id=\"8514\" class=\"elementor elementor-8514\" data-elementor-post-type=\"page\">\n\t\t\t\t<div class=\"elementor-element elementor-element-01bf051 e-flex e-con-boxed e-con e-parent\" data-id=\"01bf051\" data-element_type=\"container\">\n\t\t\t\t\t<div class=\"e-con-inner\">\n\t\t\t\t<div class=\"elementor-element elementor-element-8689ed2 elementor-widget elementor-widget-heading\" data-id=\"8689ed2\" data-element_type=\"widget\" data-widget_type=\"heading.default\">\n\t\t\t\t<div class=\"elementor-widget-container\">\n\t\t\t\t\t<h6 class=\"elementor-heading-title elementor-size-default\">Chuy\u00ean gia<\/h6>\t\t\t\t<\/div>\n\t\t\t\t<\/div>\n\t\t\t\t\t<\/div>\n\t\t\t\t<\/div>\n\t\t<div class=\"elementor-element elementor-element-15055e6 e-flex e-con-boxed e-con e-parent\" data-id=\"15055e6\" data-element_type=\"container\">\n\t\t\t\t\t<div class=\"e-con-inner\">\n\t\t\t\t<div class=\"vamtam-has-theme-widget-styles elementor-element elementor-element-a44e81e elementor-invisible elementor-align-justify vamtam-content-align-space-between elementor-widget__width-auto animated-fast vamtam-has-icon-styles vamtam-has-hover-anim vamtam-icon-pos-row-reverse elementor-widget elementor-widget-button\" data-id=\"a44e81e\" data-element_type=\"widget\" data-settings=\"{&quot;_animation&quot;:&quot;slideInUp&quot;}\" data-widget_type=\"button.default\">\n\t\t\t\t<div class=\"elementor-widget-container\">\n\t\t\t\t\t\t\t\t\t<div class=\"elementor-button-wrapper\">\n\t\t\t\t\t<a class=\"elementor-button elementor-button-link elementor-size-sm\" href=\"https:\/\/crei.vnua.edu.vn\/?page_id=3453\">\n\t\t\t\t\t\t<span class=\"elementor-button-content-wrapper\">\n\t\t\t\t\t\t<span class=\"elementor-button-icon\">\n\t\t\t\t<i aria-hidden=\"true\" class=\"vamtamtheme- vamtam-theme-arrow-link-up\"><\/i>\t\t\t<\/span>\n\t\t\t\t\t\t\t\t\t<span class=\"elementor-button-text\">B\u1ec7nh l\u00fd th\u00fa y<\/span>\n\t\t\t\t\t<\/span>\n\t\t\t\t\t<\/a>\n\t\t\t\t<\/div>\n\t\t\t\t\t\t\t\t<\/div>\n\t\t\t\t<\/div>\n\t\t\t\t<div class=\"vamtam-has-theme-widget-styles elementor-element elementor-element-4f9237f elementor-invisible elementor-align-justify vamtam-content-align-space-between elementor-widget__width-auto animated-fast vamtam-has-icon-styles vamtam-has-hover-anim vamtam-icon-pos-row-reverse elementor-widget elementor-widget-button\" data-id=\"4f9237f\" data-element_type=\"widget\" data-settings=\"{&quot;_animation&quot;:&quot;slideInUp&quot;,&quot;_animation_delay&quot;:50}\" data-widget_type=\"button.default\">\n\t\t\t\t<div class=\"elementor-widget-container\">\n\t\t\t\t\t\t\t\t\t<div class=\"elementor-button-wrapper\">\n\t\t\t\t\t<a class=\"elementor-button elementor-button-link elementor-size-sm\" href=\"https:\/\/crei.vnua.edu.vn\/?page_id=3455\">\n\t\t\t\t\t\t<span class=\"elementor-button-content-wrapper\">\n\t\t\t\t\t\t<span class=\"elementor-button-icon\">\n\t\t\t\t<i aria-hidden=\"true\" class=\"vamtamtheme- vamtam-theme-arrow-link-up\"><\/i>\t\t\t<\/span>\n\t\t\t\t\t\t\t\t\t<span class=\"elementor-button-text\">B\u1ec7nh truy\u1ec1n nhi\u1ec5m \u0111\u1ed9ng v\u1eadt<\/span>\n\t\t\t\t\t<\/span>\n\t\t\t\t\t<\/a>\n\t\t\t\t<\/div>\n\t\t\t\t\t\t\t\t<\/div>\n\t\t\t\t<\/div>\n\t\t\t\t<div class=\"vamtam-has-theme-widget-styles elementor-element elementor-element-17a067f elementor-invisible elementor-align-justify vamtam-content-align-space-between elementor-widget__width-auto animated-fast vamtam-has-icon-styles vamtam-has-hover-anim vamtam-icon-pos-row-reverse elementor-widget elementor-widget-button\" data-id=\"17a067f\" data-element_type=\"widget\" data-settings=\"{&quot;_animation&quot;:&quot;slideInUp&quot;,&quot;_animation_delay&quot;:100}\" data-widget_type=\"button.default\">\n\t\t\t\t<div class=\"elementor-widget-container\">\n\t\t\t\t\t\t\t\t\t<div class=\"elementor-button-wrapper\">\n\t\t\t\t\t<a class=\"elementor-button elementor-button-link elementor-size-sm\" href=\"https:\/\/crei.vnua.edu.vn\/?page_id=3457\">\n\t\t\t\t\t\t<span class=\"elementor-button-content-wrapper\">\n\t\t\t\t\t\t<span class=\"elementor-button-icon\">\n\t\t\t\t<i aria-hidden=\"true\" class=\"vamtamtheme- vamtam-theme-arrow-link-up\"><\/i>\t\t\t<\/span>\n\t\t\t\t\t\t\t\t\t<span class=\"elementor-button-text\">B\u1ec7nh l\u00fd \u0111\u1ed9ng v\u1eadt th\u00ed nghi\u1ec7m<\/span>\n\t\t\t\t\t<\/span>\n\t\t\t\t\t<\/a>\n\t\t\t\t<\/div>\n\t\t\t\t\t\t\t\t<\/div>\n\t\t\t\t<\/div>\n\t\t\t\t<div class=\"vamtam-has-theme-widget-styles elementor-element elementor-element-6ef6226 elementor-invisible elementor-align-justify vamtam-content-align-space-between elementor-widget__width-auto animated-fast vamtam-has-icon-styles vamtam-has-hover-anim vamtam-icon-pos-row-reverse elementor-widget elementor-widget-button\" data-id=\"6ef6226\" data-element_type=\"widget\" data-settings=\"{&quot;_animation&quot;:&quot;slideInUp&quot;,&quot;_animation_delay&quot;:150}\" data-widget_type=\"button.default\">\n\t\t\t\t<div class=\"elementor-widget-container\">\n\t\t\t\t\t\t\t\t\t<div class=\"elementor-button-wrapper\">\n\t\t\t\t\t<a class=\"elementor-button elementor-button-link elementor-size-sm\" href=\"https:\/\/crei.vnua.edu.vn\/?page_id=3459\">\n\t\t\t\t\t\t<span class=\"elementor-button-content-wrapper\">\n\t\t\t\t\t\t<span class=\"elementor-button-icon\">\n\t\t\t\t<i aria-hidden=\"true\" class=\"vamtamtheme- vamtam-theme-arrow-link-up\"><\/i>\t\t\t<\/span>\n\t\t\t\t\t\t\t\t\t<span class=\"elementor-button-text\">C\u00e1c b\u1ec7nh virus l\u00e2y truy\u1ec1n t\u1eeb \u0111\u1ed9ng v\u1eadt<\/span>\n\t\t\t\t\t<\/span>\n\t\t\t\t\t<\/a>\n\t\t\t\t<\/div>\n\t\t\t\t\t\t\t\t<\/div>\n\t\t\t\t<\/div>\n\t\t\t\t\t<\/div>\n\t\t\t\t<\/div>\n\t\t<div class=\"elementor-element elementor-element-df9ef72 e-flex e-con-boxed e-con e-parent\" data-id=\"df9ef72\" data-element_type=\"container\">\n\t\t\t\t\t<div class=\"e-con-inner\">\n\t\t\t\t<div class=\"elementor-element elementor-element-3a6dc76 elementor-widget elementor-widget-text-editor\" data-id=\"3a6dc76\" data-element_type=\"widget\" data-widget_type=\"text-editor.default\">\n\t\t\t\t<div class=\"elementor-widget-container\">\n\t\t\t\t\t\t\t\t\t<p>John is the Worldwide Managing Partner, CEO, and Chairman of the Board of Directors at Finovate, where he oversees global strategy and operations while preserving Bain\u2019s renowned culture. With over 20 years at the firm, John has advised global CEOs and is a recognized expert in deal advisory and value creation for portfolio companies.<\/p>\n<p>He has a strong background in private equity, corporate mergers and acquisitions, and consumer products. John is also involved in sustainability initiatives and serves on the Board of Directors of Cancer, a non-profit focused on fighting pediatric cancer. He holds master&#8217;s degrees in civil engineering and multilingual business communication from the University of Ghent and is based in New York.<\/p>\t\t\t\t\t\t\t\t<\/div>\n\t\t\t\t<\/div>\n\t\t\t\t\t<\/div>\n\t\t\t\t<\/div>\n\t\t\t\t<\/div>\n\t\t","protected":false},"excerpt":{"rendered":"<p>PGS.TS B\u00f9i Tr\u1ea7n Anh \u0110\u00e0o hi\u1ec7n l\u00e0 Tr\u01b0\u1edfng khoa Th\u00fa Y, H\u1ecdc vi\u1ec7n N\u00f4ng nghi\u1ec7p Vi\u1ec7t Nam, v\u1edbi chuy\u00ean m\u00f4n nghi\u00ean c\u1ee9u v\u1ec1 b\u1ec7nh l\u00fd, b\u1ec7nh truy\u1ec1n nhi\u1ec5m v\u00e0 c\u00e1c b\u1ec7nh l\u00e2y truy\u1ec1n t\u1eeb \u0111\u1ed9ng v\u1eadt sang ng\u01b0\u1eddi. \u00d4ng nh\u1eadn b\u1eb1ng Ti\u1ebfn s\u0129 t\u1ea1i B\u1ec9 v\u00e0 hi\u1ec7n l\u00e0 Ch\u1ee7 t\u1ecbch M\u1ea1ng l\u01b0\u1edbi M\u1ed9t s\u1ee9c kh\u1ecfe Vi\u1ec7t Nam (VOHUN) ki\u00eam th\u00e0nh vi\u00ean Ban \u0111i\u1ec1u h\u00e0nh M\u1ea1ng l\u01b0\u1edbi M\u1ed9t s\u1ee9c kh\u1ecfe \u0110\u00f4ng Nam \u00c1 (SEAOHUN).<\/p>\n","protected":false},"author":1,"featured_media":990173,"parent":1071,"menu_order":0,"comment_status":"closed","ping_status":"closed","template":"","meta":{"footnotes":""},"class_list":["post-8514","page","type-page","status-publish","has-post-thumbnail","hentry"],"_links":{"self":[{"href":"https:\/\/crei.vnua.edu.vn\/index.php?rest_route=\/wp\/v2\/pages\/8514","targetHints":{"allow":["GET"]}}],"collection":[{"href":"https:\/\/crei.vnua.edu.vn\/index.php?rest_route=\/wp\/v2\/pages"}],"about":[{"href":"https:\/\/crei.vnua.edu.vn\/index.php?rest_route=\/wp\/v2\/types\/page"}],"author":[{"embeddable":true,"href":"https:\/\/crei.vnua.edu.vn\/index.php?rest_route=\/wp\/v2\/users\/1"}],"replies":[{"embeddable":true,"href":"https:\/\/crei.vnua.edu.vn\/index.php?rest_route=%2Fwp%2Fv2%2Fcomments&post=8514"}],"version-history":[{"count":16,"href":"https:\/\/crei.vnua.edu.vn\/index.php?rest_route=\/wp\/v2\/pages\/8514\/revisions"}],"predecessor-version":[{"id":990211,"href":"https:\/\/crei.vnua.edu.vn\/index.php?rest_route=\/wp\/v2\/pages\/8514\/revisions\/990211"}],"up":[{"embeddable":true,"href":"https:\/\/crei.vnua.edu.vn\/index.php?rest_route=\/wp\/v2\/pages\/1071"}],"wp:featuredmedia":[{"embeddable":true,"href":"https:\/\/crei.vnua.edu.vn\/index.php?rest_route=\/wp\/v2\/media\/990173"}],"wp:attachment":[{"href":"https:\/\/crei.vnua.edu.vn\/index.php?rest_route=%2Fwp%2Fv2%2Fmedia&parent=8514"}],"curies":[{"name":"wp","href":"https:\/\/api.w.org\/{rel}","templated":true}]}}