{"id":8511,"date":"2025-03-12T14:44:55","date_gmt":"2025-03-12T14:44:55","guid":{"rendered":"https:\/\/finovate.vamtam.com\/?page_id=8511"},"modified":"2025-09-22T03:49:01","modified_gmt":"2025-09-22T03:49:01","slug":"daniel-william","status":"publish","type":"page","link":"https:\/\/crei.vnua.edu.vn\/?page_id=8511","title":{"rendered":"PGS.TS Nguy\u1ec5n Ho\u00e0ng Anh"},"content":{"rendered":"\t\t<div data-elementor-type=\"wp-page\" data-elementor-id=\"8511\" class=\"elementor elementor-8511\" data-elementor-post-type=\"page\">\n\t\t\t\t<div class=\"elementor-element elementor-element-089d000 e-flex e-con-boxed e-con e-parent\" data-id=\"089d000\" data-element_type=\"container\">\n\t\t\t\t\t<div class=\"e-con-inner\">\n\t\t\t\t<div class=\"elementor-element elementor-element-0bf90b3 elementor-widget elementor-widget-heading\" data-id=\"0bf90b3\" data-element_type=\"widget\" data-widget_type=\"heading.default\">\n\t\t\t\t<div class=\"elementor-widget-container\">\n\t\t\t\t\t<h6 class=\"elementor-heading-title elementor-size-default\"><b>Chuy\u00ean gia<\/b><\/h6>\t\t\t\t<\/div>\n\t\t\t\t<\/div>\n\t\t\t\t\t<\/div>\n\t\t\t\t<\/div>\n\t\t<div class=\"elementor-element elementor-element-f443f66 e-flex e-con-boxed e-con e-parent\" data-id=\"f443f66\" data-element_type=\"container\">\n\t\t\t\t\t<div class=\"e-con-inner\">\n\t\t\t\t<div class=\"vamtam-has-theme-widget-styles elementor-element elementor-element-4dbc0a1 elementor-invisible elementor-align-right elementor-widget__width-auto animated-fast vamtam-has-icon-styles vamtam-has-hover-anim vamtam-icon-pos-row-reverse elementor-widget elementor-widget-button\" data-id=\"4dbc0a1\" data-element_type=\"widget\" data-settings=\"{&quot;_animation&quot;:&quot;slideInUp&quot;}\" data-widget_type=\"button.default\">\n\t\t\t\t<div class=\"elementor-widget-container\">\n\t\t\t\t\t\t\t\t\t<div class=\"elementor-button-wrapper\">\n\t\t\t\t\t<a class=\"elementor-button elementor-size-sm\" role=\"button\">\n\t\t\t\t\t\t<span class=\"elementor-button-content-wrapper\">\n\t\t\t\t\t\t<span class=\"elementor-button-icon\">\n\t\t\t\t<i aria-hidden=\"true\" class=\"vamtamtheme- vamtam-theme-arrow-link-up\"><\/i>\t\t\t<\/span>\n\t\t\t\t\t\t\t\t\t<span class=\"elementor-button-text\">C\u00f4ng ngh\u1ec7 Th\u1ef1c ph\u1ea9m<\/span>\n\t\t\t\t\t<\/span>\n\t\t\t\t\t<\/a>\n\t\t\t\t<\/div>\n\t\t\t\t\t\t\t\t<\/div>\n\t\t\t\t<\/div>\n\t\t\t\t<div class=\"vamtam-has-theme-widget-styles elementor-element elementor-element-e125fc8 elementor-invisible elementor-align-right elementor-widget__width-auto animated-fast vamtam-has-icon-styles vamtam-has-hover-anim vamtam-icon-pos-row-reverse elementor-widget elementor-widget-button\" data-id=\"e125fc8\" data-element_type=\"widget\" data-settings=\"{&quot;_animation&quot;:&quot;slideInUp&quot;}\" data-widget_type=\"button.default\">\n\t\t\t\t<div class=\"elementor-widget-container\">\n\t\t\t\t\t\t\t\t\t<div class=\"elementor-button-wrapper\">\n\t\t\t\t\t<a class=\"elementor-button elementor-size-sm\" role=\"button\">\n\t\t\t\t\t\t<span class=\"elementor-button-content-wrapper\">\n\t\t\t\t\t\t<span class=\"elementor-button-icon\">\n\t\t\t\t<i aria-hidden=\"true\" class=\"vamtamtheme- vamtam-theme-arrow-link-up\"><\/i>\t\t\t<\/span>\n\t\t\t\t\t\t\t\t\t<span class=\"elementor-button-text\">C\u00f4ng ngh\u1ec7 Sinh h\u1ecdc th\u1ef1c ph\u1ea9m<\/span>\n\t\t\t\t\t<\/span>\n\t\t\t\t\t<\/a>\n\t\t\t\t<\/div>\n\t\t\t\t\t\t\t\t<\/div>\n\t\t\t\t<\/div>\n\t\t\t\t<div class=\"vamtam-has-theme-widget-styles elementor-element elementor-element-b86f231 elementor-invisible elementor-align-right elementor-widget__width-auto animated-fast vamtam-has-icon-styles vamtam-has-hover-anim vamtam-icon-pos-row-reverse elementor-widget elementor-widget-button\" data-id=\"b86f231\" data-element_type=\"widget\" data-settings=\"{&quot;_animation&quot;:&quot;slideInUp&quot;}\" data-widget_type=\"button.default\">\n\t\t\t\t<div class=\"elementor-widget-container\">\n\t\t\t\t\t\t\t\t\t<div class=\"elementor-button-wrapper\">\n\t\t\t\t\t<a class=\"elementor-button elementor-size-sm\" role=\"button\">\n\t\t\t\t\t\t<span class=\"elementor-button-content-wrapper\">\n\t\t\t\t\t\t<span class=\"elementor-button-icon\">\n\t\t\t\t<i aria-hidden=\"true\" class=\"vamtamtheme- vamtam-theme-arrow-link-up\"><\/i>\t\t\t<\/span>\n\t\t\t\t\t\t\t\t\t<span class=\"elementor-button-text\">H\u00f3a h\u1ecdc Th\u1ef1c ph\u1ea9m<\/span>\n\t\t\t\t\t<\/span>\n\t\t\t\t\t<\/a>\n\t\t\t\t<\/div>\n\t\t\t\t\t\t\t\t<\/div>\n\t\t\t\t<\/div>\n\t\t\t\t<div class=\"vamtam-has-theme-widget-styles elementor-element elementor-element-b08a4b6 elementor-invisible elementor-align-right elementor-widget__width-auto animated-fast vamtam-has-icon-styles vamtam-has-hover-anim vamtam-icon-pos-row-reverse elementor-widget elementor-widget-button\" data-id=\"b08a4b6\" data-element_type=\"widget\" data-settings=\"{&quot;_animation&quot;:&quot;slideInUp&quot;}\" data-widget_type=\"button.default\">\n\t\t\t\t<div class=\"elementor-widget-container\">\n\t\t\t\t\t\t\t\t\t<div class=\"elementor-button-wrapper\">\n\t\t\t\t\t<a class=\"elementor-button elementor-size-sm\" role=\"button\">\n\t\t\t\t\t\t<span class=\"elementor-button-content-wrapper\">\n\t\t\t\t\t\t<span class=\"elementor-button-icon\">\n\t\t\t\t<i aria-hidden=\"true\" class=\"vamtamtheme- vamtam-theme-arrow-link-up\"><\/i>\t\t\t<\/span>\n\t\t\t\t\t\t\t\t\t<span class=\"elementor-button-text\">Chi\u1ebft xu\u1ea5t H\u1ee3p ch\u1ea5t t\u1ef1 nhi\u00ean<\/span>\n\t\t\t\t\t<\/span>\n\t\t\t\t\t<\/a>\n\t\t\t\t<\/div>\n\t\t\t\t\t\t\t\t<\/div>\n\t\t\t\t<\/div>\n\t\t\t\t\t<\/div>\n\t\t\t\t<\/div>\n\t\t<div class=\"elementor-element elementor-element-cd7f496 e-flex e-con-boxed e-con e-parent\" data-id=\"cd7f496\" data-element_type=\"container\">\n\t\t\t\t\t<div class=\"e-con-inner\">\n\t\t\t\t<div class=\"elementor-element elementor-element-eb8fef4 elementor-widget elementor-widget-text-editor\" data-id=\"eb8fef4\" data-element_type=\"widget\" data-widget_type=\"text-editor.default\">\n\t\t\t\t<div class=\"elementor-widget-container\">\n\t\t\t\t\t\t\t\t\t<p>John is the Worldwide Managing Partner, CEO, and Chairman of the Board of Directors at Finovate, where he oversees global strategy and operations while preserving Bain\u2019s renowned culture. With over 20 years at the firm, John has advised global CEOs and is a recognized expert in deal advisory and value creation for portfolio companies.<\/p>\n<p>He has a strong background in private equity, corporate mergers and acquisitions, and consumer products. John is also involved in sustainability initiatives and serves on the Board of Directors of Cancer, a non-profit focused on fighting pediatric cancer. He holds master&#8217;s degrees in civil engineering and multilingual business communication from the University of Ghent and is based in New York.<\/p>\t\t\t\t\t\t\t\t<\/div>\n\t\t\t\t<\/div>\n\t\t\t\t\t<\/div>\n\t\t\t\t<\/div>\n\t\t\t\t<\/div>\n\t\t","protected":false},"excerpt":{"rendered":"<p>Hi\u1ec7n l\u00e0 Tr\u01b0\u1edfng Khoa C\u00f4ng ngh\u1ec7 th\u1ef1c ph\u1ea9m, H\u1ecdc vi\u1ec7n N\u00f4ng nghi\u1ec7p Vi\u1ec7t Nam, \u00f4ng \u0111\u00e3 c\u00f3 qu\u00e1 tr\u00ecnh c\u1ed1ng hi\u1ebfn l\u00e2u d\u00e0i v\u00e0 \u0111\u1ea3m nhi\u1ec7m nhi\u1ec1u v\u1ecb tr\u00ed qu\u1ea3n l\u00fd quan tr\u1ecdng t\u1ea1i Khoa. V\u1ec1 h\u1ecdc v\u1ea5n, \u00f4ng s\u1edf h\u1eefu b\u1eb1ng Ti\u1ebfn s\u1ef9 c\u1ee7a \u0110\u1ea1i h\u1ecdc BOKU (\u00c1o), Th\u1ea1c s\u1ef9 c\u1ee7a \u0110\u1ea1i h\u1ecdc VUB (B\u1ec9), v\u00e0 C\u1eed nh\u00e2n c\u1ee7a \u0110\u1ea1i h\u1ecdc Khoa h\u1ecdc T\u1ef1 nhi\u00ean, \u0110HQG H\u00e0 N\u1ed9i.<\/p>\n","protected":false},"author":1,"featured_media":990169,"parent":1071,"menu_order":0,"comment_status":"closed","ping_status":"closed","template":"","meta":{"footnotes":""},"class_list":["post-8511","page","type-page","status-publish","has-post-thumbnail","hentry"],"_links":{"self":[{"href":"https:\/\/crei.vnua.edu.vn\/index.php?rest_route=\/wp\/v2\/pages\/8511","targetHints":{"allow":["GET"]}}],"collection":[{"href":"https:\/\/crei.vnua.edu.vn\/index.php?rest_route=\/wp\/v2\/pages"}],"about":[{"href":"https:\/\/crei.vnua.edu.vn\/index.php?rest_route=\/wp\/v2\/types\/page"}],"author":[{"embeddable":true,"href":"https:\/\/crei.vnua.edu.vn\/index.php?rest_route=\/wp\/v2\/users\/1"}],"replies":[{"embeddable":true,"href":"https:\/\/crei.vnua.edu.vn\/index.php?rest_route=%2Fwp%2Fv2%2Fcomments&post=8511"}],"version-history":[{"count":16,"href":"https:\/\/crei.vnua.edu.vn\/index.php?rest_route=\/wp\/v2\/pages\/8511\/revisions"}],"predecessor-version":[{"id":990197,"href":"https:\/\/crei.vnua.edu.vn\/index.php?rest_route=\/wp\/v2\/pages\/8511\/revisions\/990197"}],"up":[{"embeddable":true,"href":"https:\/\/crei.vnua.edu.vn\/index.php?rest_route=\/wp\/v2\/pages\/1071"}],"wp:featuredmedia":[{"embeddable":true,"href":"https:\/\/crei.vnua.edu.vn\/index.php?rest_route=\/wp\/v2\/media\/990169"}],"wp:attachment":[{"href":"https:\/\/crei.vnua.edu.vn\/index.php?rest_route=%2Fwp%2Fv2%2Fmedia&parent=8511"}],"curies":[{"name":"wp","href":"https:\/\/api.w.org\/{rel}","templated":true}]}}