{"id":4742,"date":"2025-05-21T10:00:40","date_gmt":"2025-05-21T10:00:40","guid":{"rendered":"https:\/\/finovate.vamtam.com\/?page_id=4742"},"modified":"2025-09-19T08:43:00","modified_gmt":"2025-09-19T08:43:00","slug":"donald-ferreira","status":"publish","type":"page","link":"https:\/\/crei.vnua.edu.vn\/?page_id=4742","title":{"rendered":"PGS.TS. Tr\u1ea7n Hi\u1ec7p"},"content":{"rendered":"\t\t<div data-elementor-type=\"wp-page\" data-elementor-id=\"4742\" class=\"elementor elementor-4742\" data-elementor-post-type=\"page\">\n\t\t\t\t<div class=\"elementor-element elementor-element-6ad9a64 e-flex e-con-boxed e-con e-parent\" data-id=\"6ad9a64\" data-element_type=\"container\">\n\t\t\t\t\t<div class=\"e-con-inner\">\n\t\t\t\t<div class=\"elementor-element elementor-element-1ef361e elementor-widget elementor-widget-heading\" data-id=\"1ef361e\" data-element_type=\"widget\" data-widget_type=\"heading.default\">\n\t\t\t\t<div class=\"elementor-widget-container\">\n\t\t\t\t\t<h6 class=\"elementor-heading-title elementor-size-default\">Expertise<\/h6>\t\t\t\t<\/div>\n\t\t\t\t<\/div>\n\t\t\t\t<div class=\"elementor-element elementor-element-8b439df elementor-widget-divider--view-line elementor-widget elementor-widget-divider\" data-id=\"8b439df\" data-element_type=\"widget\" data-widget_type=\"divider.default\">\n\t\t\t\t<div class=\"elementor-widget-container\">\n\t\t\t\t\t\t\t<div class=\"elementor-divider\">\n\t\t\t<span class=\"elementor-divider-separator\">\n\t\t\t\t\t\t<\/span>\n\t\t<\/div>\n\t\t\t\t\t\t<\/div>\n\t\t\t\t<\/div>\n\t\t\t\t\t<\/div>\n\t\t\t\t<\/div>\n\t\t<div class=\"elementor-element elementor-element-14b8221 e-flex e-con-boxed e-con e-parent\" data-id=\"14b8221\" data-element_type=\"container\">\n\t\t\t\t\t<div class=\"e-con-inner\">\n\t\t\t\t<div class=\"vamtam-has-theme-widget-styles elementor-element elementor-element-c68441e elementor-invisible elementor-align-justify vamtam-content-align-space-between elementor-widget__width-auto animated-fast vamtam-has-icon-styles vamtam-has-hover-anim vamtam-icon-pos-row-reverse elementor-widget elementor-widget-button\" data-id=\"c68441e\" data-element_type=\"widget\" data-settings=\"{&quot;_animation&quot;:&quot;slideInUp&quot;}\" data-widget_type=\"button.default\">\n\t\t\t\t<div class=\"elementor-widget-container\">\n\t\t\t\t\t\t\t\t\t<div class=\"elementor-button-wrapper\">\n\t\t\t\t\t<a class=\"elementor-button elementor-button-link elementor-size-sm\" href=\"https:\/\/crei.vnua.edu.vn\/?page_id=3453\">\n\t\t\t\t\t\t<span class=\"elementor-button-content-wrapper\">\n\t\t\t\t\t\t<span class=\"elementor-button-icon\">\n\t\t\t\t<i aria-hidden=\"true\" class=\"vamtamtheme- vamtam-theme-arrow-link-up\"><\/i>\t\t\t<\/span>\n\t\t\t\t\t\t\t\t\t<span class=\"elementor-button-text\">Financial Planing<\/span>\n\t\t\t\t\t<\/span>\n\t\t\t\t\t<\/a>\n\t\t\t\t<\/div>\n\t\t\t\t\t\t\t\t<\/div>\n\t\t\t\t<\/div>\n\t\t\t\t<div class=\"vamtam-has-theme-widget-styles elementor-element elementor-element-43a69b2 elementor-invisible elementor-align-justify vamtam-content-align-space-between elementor-widget__width-auto animated-fast vamtam-has-icon-styles vamtam-has-hover-anim vamtam-icon-pos-row-reverse elementor-widget elementor-widget-button\" data-id=\"43a69b2\" data-element_type=\"widget\" data-settings=\"{&quot;_animation&quot;:&quot;slideInUp&quot;,&quot;_animation_delay&quot;:50}\" data-widget_type=\"button.default\">\n\t\t\t\t<div class=\"elementor-widget-container\">\n\t\t\t\t\t\t\t\t\t<div class=\"elementor-button-wrapper\">\n\t\t\t\t\t<a class=\"elementor-button elementor-button-link elementor-size-sm\" href=\"https:\/\/crei.vnua.edu.vn\/?page_id=3455\">\n\t\t\t\t\t\t<span class=\"elementor-button-content-wrapper\">\n\t\t\t\t\t\t<span class=\"elementor-button-icon\">\n\t\t\t\t<i aria-hidden=\"true\" class=\"vamtamtheme- vamtam-theme-arrow-link-up\"><\/i>\t\t\t<\/span>\n\t\t\t\t\t\t\t\t\t<span class=\"elementor-button-text\">Investment Management<\/span>\n\t\t\t\t\t<\/span>\n\t\t\t\t\t<\/a>\n\t\t\t\t<\/div>\n\t\t\t\t\t\t\t\t<\/div>\n\t\t\t\t<\/div>\n\t\t\t\t<div class=\"vamtam-has-theme-widget-styles elementor-element elementor-element-b32e026 elementor-invisible elementor-align-justify vamtam-content-align-space-between elementor-widget__width-auto animated-fast vamtam-has-icon-styles vamtam-has-hover-anim vamtam-icon-pos-row-reverse elementor-widget elementor-widget-button\" data-id=\"b32e026\" data-element_type=\"widget\" data-settings=\"{&quot;_animation&quot;:&quot;slideInUp&quot;,&quot;_animation_delay&quot;:100}\" data-widget_type=\"button.default\">\n\t\t\t\t<div class=\"elementor-widget-container\">\n\t\t\t\t\t\t\t\t\t<div class=\"elementor-button-wrapper\">\n\t\t\t\t\t<a class=\"elementor-button elementor-button-link elementor-size-sm\" href=\"https:\/\/crei.vnua.edu.vn\/?page_id=3457\">\n\t\t\t\t\t\t<span class=\"elementor-button-content-wrapper\">\n\t\t\t\t\t\t<span class=\"elementor-button-icon\">\n\t\t\t\t<i aria-hidden=\"true\" class=\"vamtamtheme- vamtam-theme-arrow-link-up\"><\/i>\t\t\t<\/span>\n\t\t\t\t\t\t\t\t\t<span class=\"elementor-button-text\">Insurance &amp; Risk Management<\/span>\n\t\t\t\t\t<\/span>\n\t\t\t\t\t<\/a>\n\t\t\t\t<\/div>\n\t\t\t\t\t\t\t\t<\/div>\n\t\t\t\t<\/div>\n\t\t\t\t<div class=\"vamtam-has-theme-widget-styles elementor-element elementor-element-5db6235 elementor-invisible elementor-align-justify vamtam-content-align-space-between elementor-widget__width-auto animated-fast vamtam-has-icon-styles vamtam-has-hover-anim vamtam-icon-pos-row-reverse elementor-widget elementor-widget-button\" data-id=\"5db6235\" data-element_type=\"widget\" data-settings=\"{&quot;_animation&quot;:&quot;slideInUp&quot;,&quot;_animation_delay&quot;:150}\" data-widget_type=\"button.default\">\n\t\t\t\t<div class=\"elementor-widget-container\">\n\t\t\t\t\t\t\t\t\t<div class=\"elementor-button-wrapper\">\n\t\t\t\t\t<a class=\"elementor-button elementor-button-link elementor-size-sm\" href=\"https:\/\/crei.vnua.edu.vn\/?page_id=3459\">\n\t\t\t\t\t\t<span class=\"elementor-button-content-wrapper\">\n\t\t\t\t\t\t<span class=\"elementor-button-icon\">\n\t\t\t\t<i aria-hidden=\"true\" class=\"vamtamtheme- vamtam-theme-arrow-link-up\"><\/i>\t\t\t<\/span>\n\t\t\t\t\t\t\t\t\t<span class=\"elementor-button-text\">Alternative Investments<\/span>\n\t\t\t\t\t<\/span>\n\t\t\t\t\t<\/a>\n\t\t\t\t<\/div>\n\t\t\t\t\t\t\t\t<\/div>\n\t\t\t\t<\/div>\n\t\t\t\t\t<\/div>\n\t\t\t\t<\/div>\n\t\t<div class=\"elementor-element elementor-element-532d456 e-flex e-con-boxed e-con e-parent\" data-id=\"532d456\" data-element_type=\"container\">\n\t\t\t\t\t<div class=\"e-con-inner\">\n\t\t\t\t<div class=\"elementor-element elementor-element-936ecda elementor-widget elementor-widget-text-editor\" data-id=\"936ecda\" data-element_type=\"widget\" data-widget_type=\"text-editor.default\">\n\t\t\t\t<div class=\"elementor-widget-container\">\n\t\t\t\t\t\t\t\t\t<p>John is the Worldwide Managing Partner, CEO, and Chairman of the Board of Directors at Finovate, where he oversees global strategy and operations while preserving Bain\u2019s renowned culture. With over 20 years at the firm, John has advised global CEOs and is a recognized expert in deal advisory and value creation for portfolio companies.<\/p>\n<p>He has a strong background in private equity, corporate mergers and acquisitions, and consumer products. John is also involved in sustainability initiatives and serves on the Board of Directors of Cancer, a non-profit focused on fighting pediatric cancer. He holds master&#8217;s degrees in civil engineering and multilingual business communication from the University of Ghent and is based in New York.<\/p>\t\t\t\t\t\t\t\t<\/div>\n\t\t\t\t<\/div>\n\t\t\t\t\t<\/div>\n\t\t\t\t<\/div>\n\t\t\t\t<\/div>\n\t\t","protected":false},"excerpt":{"rendered":"<p>PGS.TS. Tr\u1ea7n Hi\u1ec7p l\u00e0 m\u1ed9t gi\u1ea3ng vi\u00ean c\u00f3 nhi\u1ec1u n\u0103m c\u00f4ng t\u00e1c t\u1ea1i H\u1ecdc vi\u1ec7n N\u00f4ng nghi\u1ec7p Vi\u1ec7t Nam (VNUA), t\u1eebng gi\u1eef c\u00e1c v\u1ecb tr\u00ed nh\u01b0 Tr\u01b0\u1edfng B\u1ed9 m\u00f4n Ch\u0103n nu\u00f4i chuy\u00ean khoa v\u00e0 Ph\u00f3 tr\u01b0\u1edfng Ban Khoa h\u1ecdc v\u00e0 C\u00f4ng ngh\u1ec7. \u00d4ng \u0111\u00e3 c\u00f3 qu\u00e1 tr\u00ecnh \u0111\u00e0o t\u1ea1o v\u00e0 l\u00e0m vi\u1ec7c \u1edf nhi\u1ec1u v\u1ecb tr\u00ed kh\u00e1c nhau, bao g\u1ed3m c\u1ea3 th\u1eddi gian l\u00e0m nghi\u00ean c\u1ee9u sinh t\u1ea1i Ph\u00e1p v\u00e0 h\u1ecdc vi\u00ean cao h\u1ecdc t\u1ea1i B\u1ec9.<\/p>\n","protected":false},"author":1,"featured_media":988817,"parent":1071,"menu_order":0,"comment_status":"closed","ping_status":"closed","template":"","meta":{"footnotes":""},"class_list":["post-4742","page","type-page","status-publish","has-post-thumbnail","hentry"],"_links":{"self":[{"href":"https:\/\/crei.vnua.edu.vn\/index.php?rest_route=\/wp\/v2\/pages\/4742","targetHints":{"allow":["GET"]}}],"collection":[{"href":"https:\/\/crei.vnua.edu.vn\/index.php?rest_route=\/wp\/v2\/pages"}],"about":[{"href":"https:\/\/crei.vnua.edu.vn\/index.php?rest_route=\/wp\/v2\/types\/page"}],"author":[{"embeddable":true,"href":"https:\/\/crei.vnua.edu.vn\/index.php?rest_route=\/wp\/v2\/users\/1"}],"replies":[{"embeddable":true,"href":"https:\/\/crei.vnua.edu.vn\/index.php?rest_route=%2Fwp%2Fv2%2Fcomments&post=4742"}],"version-history":[{"count":2,"href":"https:\/\/crei.vnua.edu.vn\/index.php?rest_route=\/wp\/v2\/pages\/4742\/revisions"}],"predecessor-version":[{"id":990167,"href":"https:\/\/crei.vnua.edu.vn\/index.php?rest_route=\/wp\/v2\/pages\/4742\/revisions\/990167"}],"up":[{"embeddable":true,"href":"https:\/\/crei.vnua.edu.vn\/index.php?rest_route=\/wp\/v2\/pages\/1071"}],"wp:featuredmedia":[{"embeddable":true,"href":"https:\/\/crei.vnua.edu.vn\/index.php?rest_route=\/wp\/v2\/media\/988817"}],"wp:attachment":[{"href":"https:\/\/crei.vnua.edu.vn\/index.php?rest_route=%2Fwp%2Fv2%2Fmedia&parent=4742"}],"curies":[{"name":"wp","href":"https:\/\/api.w.org\/{rel}","templated":true}]}}