{"id":2110,"date":"2025-07-21T12:00:10","date_gmt":"2025-07-21T12:00:10","guid":{"rendered":"https:\/\/finovate.vamtam.com\/?page_id=2110"},"modified":"2026-04-02T07:29:51","modified_gmt":"2026-04-02T07:29:51","slug":"gs-ts-ngut-nguyen-thi-lan","status":"publish","type":"page","link":"https:\/\/crei.vnua.edu.vn\/?page_id=2110","title":{"rendered":"GS.TS.NG\u01afT Nguy\u1ec5n Th\u1ecb Lan"},"content":{"rendered":"\t\t<div data-elementor-type=\"wp-page\" data-elementor-id=\"2110\" class=\"elementor elementor-2110\" data-elementor-post-type=\"page\">\n\t\t\t\t<div class=\"elementor-element elementor-element-3088465 e-flex e-con-boxed e-con e-parent\" data-id=\"3088465\" data-element_type=\"container\">\n\t\t\t\t\t<div class=\"e-con-inner\">\n\t\t\t\t<div class=\"elementor-element elementor-element-414a3d8 elementor-widget elementor-widget-heading\" data-id=\"414a3d8\" data-element_type=\"widget\" data-widget_type=\"heading.default\">\n\t\t\t\t<div class=\"elementor-widget-container\">\n\t\t\t\t\t<h6 class=\"elementor-heading-title elementor-size-default\">Chuy\u00ean gia<\/h6>\t\t\t\t<\/div>\n\t\t\t\t<\/div>\n\t\t\t\t\t<\/div>\n\t\t\t\t<\/div>\n\t\t<div class=\"elementor-element elementor-element-a073dc4 e-flex e-con-boxed e-con e-parent\" data-id=\"a073dc4\" data-element_type=\"container\">\n\t\t\t\t\t<div class=\"e-con-inner\">\n\t\t\t\t<div class=\"vamtam-has-theme-widget-styles elementor-element elementor-element-ed914a5 elementor-invisible elementor-align-justify vamtam-content-align-space-between elementor-widget__width-auto animated-fast vamtam-has-icon-styles vamtam-has-hover-anim vamtam-icon-pos-row-reverse elementor-widget elementor-widget-button\" data-id=\"ed914a5\" data-element_type=\"widget\" data-settings=\"{&quot;_animation&quot;:&quot;slideInUp&quot;}\" data-widget_type=\"button.default\">\n\t\t\t\t<div class=\"elementor-widget-container\">\n\t\t\t\t\t\t\t\t\t<div class=\"elementor-button-wrapper\">\n\t\t\t\t\t<a class=\"elementor-button elementor-size-sm\" role=\"button\">\n\t\t\t\t\t\t<span class=\"elementor-button-content-wrapper\">\n\t\t\t\t\t\t<span class=\"elementor-button-icon\">\n\t\t\t\t<i aria-hidden=\"true\" class=\"vamtamtheme- vamtam-theme-arrow-link-up\"><\/i>\t\t\t<\/span>\n\t\t\t\t\t\t\t\t\t<span class=\"elementor-button-text\">Gi\u1ea3i ph\u1eabu b\u1ec7nh Th\u00fa y <\/span>\n\t\t\t\t\t<\/span>\n\t\t\t\t\t<\/a>\n\t\t\t\t<\/div>\n\t\t\t\t\t\t\t\t<\/div>\n\t\t\t\t<\/div>\n\t\t\t\t<div class=\"vamtam-has-theme-widget-styles elementor-element elementor-element-90e88fb elementor-invisible elementor-align-justify vamtam-content-align-space-between elementor-widget__width-auto animated-fast vamtam-has-icon-styles vamtam-has-hover-anim vamtam-icon-pos-row-reverse elementor-widget elementor-widget-button\" data-id=\"90e88fb\" data-element_type=\"widget\" data-settings=\"{&quot;_animation&quot;:&quot;slideInUp&quot;,&quot;_animation_delay&quot;:50}\" data-widget_type=\"button.default\">\n\t\t\t\t<div class=\"elementor-widget-container\">\n\t\t\t\t\t\t\t\t\t<div class=\"elementor-button-wrapper\">\n\t\t\t\t\t<a class=\"elementor-button elementor-size-sm\" role=\"button\">\n\t\t\t\t\t\t<span class=\"elementor-button-content-wrapper\">\n\t\t\t\t\t\t<span class=\"elementor-button-icon\">\n\t\t\t\t<i aria-hidden=\"true\" class=\"vamtamtheme- vamtam-theme-arrow-link-up\"><\/i>\t\t\t<\/span>\n\t\t\t\t\t\t\t\t\t<span class=\"elementor-button-text\">Mi\u1ec5n d\u1ecbch h\u1ecdc Th\u00fa y <\/span>\n\t\t\t\t\t<\/span>\n\t\t\t\t\t<\/a>\n\t\t\t\t<\/div>\n\t\t\t\t\t\t\t\t<\/div>\n\t\t\t\t<\/div>\n\t\t\t\t<div class=\"vamtam-has-theme-widget-styles elementor-element elementor-element-3762149 elementor-invisible elementor-align-justify vamtam-content-align-space-between elementor-widget__width-auto animated-fast vamtam-has-icon-styles vamtam-has-hover-anim vamtam-icon-pos-row-reverse elementor-widget elementor-widget-button\" data-id=\"3762149\" data-element_type=\"widget\" data-settings=\"{&quot;_animation&quot;:&quot;slideInUp&quot;,&quot;_animation_delay&quot;:100}\" data-widget_type=\"button.default\">\n\t\t\t\t<div class=\"elementor-widget-container\">\n\t\t\t\t\t\t\t\t\t<div class=\"elementor-button-wrapper\">\n\t\t\t\t\t<a class=\"elementor-button elementor-size-sm\" role=\"button\">\n\t\t\t\t\t\t<span class=\"elementor-button-content-wrapper\">\n\t\t\t\t\t\t<span class=\"elementor-button-icon\">\n\t\t\t\t<i aria-hidden=\"true\" class=\"vamtamtheme- vamtam-theme-arrow-link-up\"><\/i>\t\t\t<\/span>\n\t\t\t\t\t\t\t\t\t<span class=\"elementor-button-text\">Vi sinh v\u1eadt h\u1ecdc Th\u00fa y<\/span>\n\t\t\t\t\t<\/span>\n\t\t\t\t\t<\/a>\n\t\t\t\t<\/div>\n\t\t\t\t\t\t\t\t<\/div>\n\t\t\t\t<\/div>\n\t\t\t\t<div class=\"vamtam-has-theme-widget-styles elementor-element elementor-element-0ce5a35 elementor-invisible elementor-align-justify vamtam-content-align-space-between elementor-widget__width-auto animated-fast vamtam-has-icon-styles vamtam-has-hover-anim vamtam-icon-pos-row-reverse elementor-widget elementor-widget-button\" data-id=\"0ce5a35\" data-element_type=\"widget\" data-settings=\"{&quot;_animation&quot;:&quot;slideInUp&quot;,&quot;_animation_delay&quot;:150}\" data-widget_type=\"button.default\">\n\t\t\t\t<div class=\"elementor-widget-container\">\n\t\t\t\t\t\t\t\t\t<div class=\"elementor-button-wrapper\">\n\t\t\t\t\t<a class=\"elementor-button elementor-size-sm\" role=\"button\">\n\t\t\t\t\t\t<span class=\"elementor-button-content-wrapper\">\n\t\t\t\t\t\t<span class=\"elementor-button-icon\">\n\t\t\t\t<i aria-hidden=\"true\" class=\"vamtamtheme- vamtam-theme-arrow-link-up\"><\/i>\t\t\t<\/span>\n\t\t\t\t\t\t\t\t\t<span class=\"elementor-button-text\">Virus h\u1ecdc Th\u00fa y<\/span>\n\t\t\t\t\t<\/span>\n\t\t\t\t\t<\/a>\n\t\t\t\t<\/div>\n\t\t\t\t\t\t\t\t<\/div>\n\t\t\t\t<\/div>\n\t\t\t\t\t<\/div>\n\t\t\t\t<\/div>\n\t\t<div class=\"elementor-element elementor-element-bb8a142 e-flex e-con-boxed e-con e-parent\" data-id=\"bb8a142\" data-element_type=\"container\">\n\t\t\t\t\t<div class=\"e-con-inner\">\n\t\t\t\t<div class=\"elementor-element elementor-element-f403d4e elementor-widget elementor-widget-text-editor\" data-id=\"f403d4e\" data-element_type=\"widget\" data-widget_type=\"text-editor.default\">\n\t\t\t\t<div class=\"elementor-widget-container\">\n\t\t\t\t\t\t\t\t\t<p data-start=\"116\" data-end=\"508\"><strong data-start=\"116\" data-end=\"140\">GS.TS Nguy\u1ec5n Th\u1ecb Lan<\/strong> l\u00e0 m\u1ed9t trong nh\u1eefng nh\u00e0 khoa h\u1ecdc v\u00e0 nh\u00e0 qu\u1ea3n l\u00fd ti\u00eau bi\u1ec3u trong l\u0129nh v\u1ef1c n\u00f4ng nghi\u1ec7p t\u1ea1i Vi\u1ec7t Nam, hi\u1ec7n gi\u1eef vai tr\u00f2 <strong data-start=\"256\" data-end=\"305\">Gi\u00e1m \u0111\u1ed1c H\u1ecdc vi\u1ec7n N\u00f4ng nghi\u1ec7p Vi\u1ec7t Nam (VNUA)<\/strong>. V\u1edbi nhi\u1ec1u n\u0103m kinh nghi\u1ec7m trong gi\u1ea3ng d\u1ea1y, nghi\u00ean c\u1ee9u v\u00e0 \u0111i\u1ec1u h\u00e0nh, b\u00e0 \u0111\u00e3 c\u00f3 nh\u1eefng \u0111\u00f3ng g\u00f3p quan tr\u1ecdng trong vi\u1ec7c ph\u00e1t tri\u1ec3n gi\u00e1o d\u1ee5c \u0111\u1ea1i h\u1ecdc g\u1eafn v\u1edbi th\u1ef1c ti\u1ec5n s\u1ea3n xu\u1ea5t n\u00f4ng nghi\u1ec7p v\u00e0 \u0111\u1ed5i m\u1edbi s\u00e1ng t\u1ea1o.<\/p><p data-start=\"428\" data-end=\"521\">V\u1ec1 chuy\u00ean ng\u00e0nh, GS.TS Nguy\u1ec5n Th\u1ecb Lan t\u1eadp trung nghi\u00ean c\u1ee9u v\u00e0 gi\u1ea3ng d\u1ea1y trong c\u00e1c l\u0129nh v\u1ef1c:<\/p><ul data-start=\"522\" data-end=\"632\"><li data-section-id=\"2dq06u\" data-start=\"522\" data-end=\"550\"><strong data-start=\"524\" data-end=\"548\">Gi\u1ea3i ph\u1eabu b\u1ec7nh Th\u00fa y<\/strong><\/li><li data-section-id=\"fmcdcq\" data-start=\"551\" data-end=\"578\"><strong data-start=\"553\" data-end=\"576\">Mi\u1ec5n d\u1ecbch h\u1ecdc Th\u00fa y<\/strong><\/li><li data-section-id=\"1ia17st\" data-start=\"579\" data-end=\"608\"><strong data-start=\"581\" data-end=\"606\">Vi sinh v\u1eadt h\u1ecdc Th\u00fa y<\/strong><\/li><li data-section-id=\"1n2y4ey\" data-start=\"609\" data-end=\"632\"><strong data-start=\"611\" data-end=\"630\">Virus h\u1ecdc Th\u00fa y<\/strong><\/li><\/ul><p data-start=\"634\" data-end=\"957\">\u0110\u00e2y \u0111\u1ec1u l\u00e0 nh\u1eefng l\u0129nh v\u1ef1c c\u1ed1t l\u00f5i trong ph\u00f2ng ch\u1ed1ng d\u1ecbch b\u1ec7nh \u0111\u1ed9ng v\u1eadt, an to\u00e0n sinh h\u1ecdc v\u00e0 ph\u00e1t tri\u1ec3n ch\u0103n nu\u00f4i b\u1ec1n v\u1eefng. C\u00e1c nghi\u00ean c\u1ee9u c\u1ee7a b\u00e0 g\u00f3p ph\u1ea7n quan tr\u1ecdng trong vi\u1ec7c ch\u1ea9n \u0111o\u00e1n, ki\u1ec3m so\u00e1t v\u00e0 ph\u00f2ng ng\u1eeba d\u1ecbch b\u1ec7nh, \u0111\u1eb7c bi\u1ec7t trong b\u1ed1i c\u1ea3nh ng\u00e0nh ch\u0103n nu\u00f4i \u0111\u1ed1i m\u1eb7t v\u1edbi nhi\u1ec1u th\u00e1ch th\u1ee9c v\u1ec1 d\u1ecbch t\u1ec5 v\u00e0 an to\u00e0n th\u1ef1c ph\u1ea9m.<\/p><p data-start=\"959\" data-end=\"1328\">Tr\u00ean c\u01b0\u01a1ng v\u1ecb l\u00e3nh \u0111\u1ea1o, GS.TS Nguy\u1ec5n Th\u1ecb Lan \u0111\u00e3 th\u00fac \u0111\u1ea9y m\u1ea1nh m\u1ebd \u0111\u1ecbnh h\u01b0\u1edbng <strong data-start=\"1035\" data-end=\"1076\">\u0111\u1ea1i h\u1ecdc nghi\u00ean c\u1ee9u \u2013 \u0111\u1ed5i m\u1edbi s\u00e1ng t\u1ea1o<\/strong>, t\u0103ng c\u01b0\u1eddng li\u00ean k\u1ebft gi\u1eefa nh\u00e0 tr\u01b0\u1eddng, doanh nghi\u1ec7p v\u00e0 \u0111\u1ecba ph\u01b0\u01a1ng. B\u00e0 c\u0169ng l\u00e0 ng\u01b0\u1eddi ti\u00ean phong trong vi\u1ec7c ph\u00e1t tri\u1ec3n c\u00e1c m\u00f4 h\u00ecnh \u1ee9ng d\u1ee5ng khoa h\u1ecdc c\u00f4ng ngh\u1ec7 v\u00e0o th\u1ef1c ti\u1ec5n, \u0111\u1ed3ng th\u1eddi x\u00e2y d\u1ef1ng h\u1ec7 sinh th\u00e1i kh\u1edfi nghi\u1ec7p trong l\u0129nh v\u1ef1c n\u00f4ng nghi\u1ec7p t\u1ea1i VNUA.<\/p><p data-start=\"1330\" data-end=\"1559\" data-is-last-node=\"\" data-is-only-node=\"\">V\u1edbi t\u1ea7m nh\u00ecn chi\u1ebfn l\u01b0\u1ee3c v\u00e0 n\u1ec1n t\u1ea3ng h\u1ecdc thu\u1eadt v\u1eefng ch\u1eafc, GS.TS Nguy\u1ec5n Th\u1ecb Lan \u0111ang g\u00f3p ph\u1ea7n n\u00e2ng cao v\u1ecb th\u1ebf c\u1ee7a VNUA tr\u1edf th\u00e0nh m\u1ed9t trung t\u00e2m \u0111\u00e0o t\u1ea1o v\u00e0 nghi\u00ean c\u1ee9u h\u00e0ng \u0111\u1ea7u v\u1ec1 n\u00f4ng nghi\u1ec7p, th\u00fa y v\u00e0 c\u00f4ng ngh\u1ec7 sinh h\u1ecdc t\u1ea1i Vi\u1ec7t Nam.<\/p>\t\t\t\t\t\t\t\t<\/div>\n\t\t\t\t<\/div>\n\t\t\t\t\t<\/div>\n\t\t\t\t<\/div>\n\t\t<div class=\"elementor-element elementor-element-7bbe82e e-flex e-con-boxed e-con e-parent\" data-id=\"7bbe82e\" data-element_type=\"container\">\n\t\t\t\t\t<div class=\"e-con-inner\">\n\t\t\t\t\t<\/div>\n\t\t\t\t<\/div>\n\t\t\t\t<\/div>\n\t\t","protected":false},"excerpt":{"rendered":"<p>Nguy\u1ec5n Th\u1ecb Lan (sinh ng\u00e0y 10 th\u00e1ng 5 n\u0103m 1974) l\u00e0 m\u1ed9t n\u1eef ch\u00ednh tr\u1ecb gia ng\u01b0\u1eddi Vi\u1ec7t Nam. B\u00e0 hi\u1ec7n l\u00e0 \u0111\u1ea1i bi\u1ec3u Qu\u1ed1c h\u1ed9i Vi\u1ec7t Nam kh\u00f3a XV( nhi\u1ec7m k\u1ef3 2021-2026) thu\u1ed9c \u0111o\u00e0n \u0111\u1ea1i bi\u1ec3u th\u00e0nh ph\u1ed1 H\u00e0 N\u1ed9i, b\u00e0 c\u0169ng l\u00e0 \u0111\u1ea1i bi\u1ec3u Qu\u1ed1c h\u1ed9i Vi\u1ec7t Nam kh\u00f3a XIV (\u0111\u1ea1i bi\u1ec3u l\u1ea7n \u0111\u1ea7u \u1ee9ng c\u1eed v\u00e0 tr\u00fang c\u1eed), thu\u1ed9c \u0111o\u00e0n \u0111\u1ea1i bi\u1ec3u th\u00e0nh ph\u1ed1 H\u00e0 N\u1ed9i, \u1ee6y vi\u00ean U\u1ef7 ban Khoa h\u1ecdc, C\u00f4ng ngh\u1ec7 v\u00e0 M\u00f4i tr\u01b0\u1eddng c\u1ee7a Qu\u1ed1c h\u1ed9i, Gi\u00e1m \u0111\u1ed1c H\u1ecdc vi\u1ec7n N\u00f4ng nghi\u1ec7p Vi\u1ec7t Nam. B\u00e0 c\u00f3 h\u1ecdc v\u1ecb Ti\u1ebfn s\u0129 v\u00e0 h\u1ecdc h\u00e0m Gi\u00e1o s\u01b0 ng\u00e0nh Th\u00fa y.<\/p>\n","protected":false},"author":1,"featured_media":988796,"parent":1071,"menu_order":0,"comment_status":"closed","ping_status":"closed","template":"","meta":{"footnotes":""},"class_list":["post-2110","page","type-page","status-publish","has-post-thumbnail","hentry"],"_links":{"self":[{"href":"https:\/\/crei.vnua.edu.vn\/index.php?rest_route=\/wp\/v2\/pages\/2110","targetHints":{"allow":["GET"]}}],"collection":[{"href":"https:\/\/crei.vnua.edu.vn\/index.php?rest_route=\/wp\/v2\/pages"}],"about":[{"href":"https:\/\/crei.vnua.edu.vn\/index.php?rest_route=\/wp\/v2\/types\/page"}],"author":[{"embeddable":true,"href":"https:\/\/crei.vnua.edu.vn\/index.php?rest_route=\/wp\/v2\/users\/1"}],"replies":[{"embeddable":true,"href":"https:\/\/crei.vnua.edu.vn\/index.php?rest_route=%2Fwp%2Fv2%2Fcomments&post=2110"}],"version-history":[{"count":49,"href":"https:\/\/crei.vnua.edu.vn\/index.php?rest_route=\/wp\/v2\/pages\/2110\/revisions"}],"predecessor-version":[{"id":990851,"href":"https:\/\/crei.vnua.edu.vn\/index.php?rest_route=\/wp\/v2\/pages\/2110\/revisions\/990851"}],"up":[{"embeddable":true,"href":"https:\/\/crei.vnua.edu.vn\/index.php?rest_route=\/wp\/v2\/pages\/1071"}],"wp:featuredmedia":[{"embeddable":true,"href":"https:\/\/crei.vnua.edu.vn\/index.php?rest_route=\/wp\/v2\/media\/988796"}],"wp:attachment":[{"href":"https:\/\/crei.vnua.edu.vn\/index.php?rest_route=%2Fwp%2Fv2%2Fmedia&parent=2110"}],"curies":[{"name":"wp","href":"https:\/\/api.w.org\/{rel}","templated":true}]}}