{"id":2079,"date":"2025-02-21T13:00:28","date_gmt":"2025-02-21T13:00:28","guid":{"rendered":"https:\/\/finovate.vamtam.com\/?page_id=2079"},"modified":"2026-04-02T07:50:00","modified_gmt":"2026-04-02T07:50:00","slug":"john-smith","status":"publish","type":"page","link":"https:\/\/crei.vnua.edu.vn\/?page_id=2079","title":{"rendered":"PGS.TS. Nguy\u1ec5n Vi\u1ec7t Long"},"content":{"rendered":"\t\t<div data-elementor-type=\"wp-page\" data-elementor-id=\"2079\" class=\"elementor elementor-2079\" data-elementor-post-type=\"page\">\n\t\t\t\t<div class=\"elementor-element elementor-element-04625ac e-flex e-con-boxed e-con e-parent\" data-id=\"04625ac\" data-element_type=\"container\">\n\t\t\t\t\t<div class=\"e-con-inner\">\n\t\t\t\t<div class=\"elementor-element elementor-element-9ed073c elementor-widget elementor-widget-heading\" data-id=\"9ed073c\" data-element_type=\"widget\" data-widget_type=\"heading.default\">\n\t\t\t\t<div class=\"elementor-widget-container\">\n\t\t\t\t\t<h6 class=\"elementor-heading-title elementor-size-default\">Chuy\u00ean gia<\/h6>\t\t\t\t<\/div>\n\t\t\t\t<\/div>\n\t\t\t\t<div class=\"elementor-element elementor-element-84efbdb elementor-widget-divider--view-line elementor-widget elementor-widget-divider\" data-id=\"84efbdb\" data-element_type=\"widget\" data-widget_type=\"divider.default\">\n\t\t\t\t<div class=\"elementor-widget-container\">\n\t\t\t\t\t\t\t<div class=\"elementor-divider\">\n\t\t\t<span class=\"elementor-divider-separator\">\n\t\t\t\t\t\t<\/span>\n\t\t<\/div>\n\t\t\t\t\t\t<\/div>\n\t\t\t\t<\/div>\n\t\t\t\t\t<\/div>\n\t\t\t\t<\/div>\n\t\t<div class=\"elementor-element elementor-element-391f30d e-flex e-con-boxed e-con e-parent\" data-id=\"391f30d\" data-element_type=\"container\">\n\t\t\t\t\t<div class=\"e-con-inner\">\n\t\t\t\t<div class=\"vamtam-has-theme-widget-styles elementor-element elementor-element-f139a2f elementor-invisible elementor-align-left elementor-widget__width-auto animated-fast vamtam-has-icon-styles vamtam-has-hover-anim vamtam-icon-pos-row-reverse elementor-widget elementor-widget-button\" data-id=\"f139a2f\" data-element_type=\"widget\" data-settings=\"{&quot;_animation&quot;:&quot;slideInUp&quot;}\" data-widget_type=\"button.default\">\n\t\t\t\t<div class=\"elementor-widget-container\">\n\t\t\t\t\t\t\t\t\t<div class=\"elementor-button-wrapper\">\n\t\t\t\t\t<a class=\"elementor-button elementor-button-link elementor-size-sm\" href=\"https:\/\/crei.vnua.edu.vn\/?page_id=3453\">\n\t\t\t\t\t\t<span class=\"elementor-button-content-wrapper\">\n\t\t\t\t\t\t<span class=\"elementor-button-icon\">\n\t\t\t\t<i aria-hidden=\"true\" class=\"vamtamtheme- vamtam-theme-arrow-link-up\"><\/i>\t\t\t<\/span>\n\t\t\t\t\t\t\t\t\t<span class=\"elementor-button-text\">Khoa h\u1ecdc c\u00e2y tr\u1ed3ng<\/span>\n\t\t\t\t\t<\/span>\n\t\t\t\t\t<\/a>\n\t\t\t\t<\/div>\n\t\t\t\t\t\t\t\t<\/div>\n\t\t\t\t<\/div>\n\t\t\t\t<div class=\"vamtam-has-theme-widget-styles elementor-element elementor-element-0058cf9 elementor-invisible elementor-align-justify vamtam-content-align-space-between elementor-widget__width-auto animated-fast vamtam-has-icon-styles vamtam-has-hover-anim vamtam-icon-pos-row-reverse elementor-widget elementor-widget-button\" data-id=\"0058cf9\" data-element_type=\"widget\" data-settings=\"{&quot;_animation&quot;:&quot;slideInUp&quot;,&quot;_animation_delay&quot;:50}\" data-widget_type=\"button.default\">\n\t\t\t\t<div class=\"elementor-widget-container\">\n\t\t\t\t\t\t\t\t\t<div class=\"elementor-button-wrapper\">\n\t\t\t\t\t<a class=\"elementor-button elementor-button-link elementor-size-sm\" href=\"https:\/\/crei.vnua.edu.vn\/?page_id=3455\">\n\t\t\t\t\t\t<span class=\"elementor-button-content-wrapper\">\n\t\t\t\t\t\t<span class=\"elementor-button-icon\">\n\t\t\t\t<i aria-hidden=\"true\" class=\"vamtamtheme- vamtam-theme-arrow-link-up\"><\/i>\t\t\t<\/span>\n\t\t\t\t\t\t\t\t\t<span class=\"elementor-button-text\">N\u00f4ng h\u1ecdc<\/span>\n\t\t\t\t\t<\/span>\n\t\t\t\t\t<\/a>\n\t\t\t\t<\/div>\n\t\t\t\t\t\t\t\t<\/div>\n\t\t\t\t<\/div>\n\t\t\t\t<div class=\"vamtam-has-theme-widget-styles elementor-element elementor-element-df55825 elementor-invisible elementor-align-justify vamtam-content-align-space-between elementor-widget__width-auto animated-fast vamtam-has-icon-styles vamtam-has-hover-anim vamtam-icon-pos-row-reverse elementor-widget elementor-widget-button\" data-id=\"df55825\" data-element_type=\"widget\" data-settings=\"{&quot;_animation&quot;:&quot;slideInUp&quot;,&quot;_animation_delay&quot;:100}\" data-widget_type=\"button.default\">\n\t\t\t\t<div class=\"elementor-widget-container\">\n\t\t\t\t\t\t\t\t\t<div class=\"elementor-button-wrapper\">\n\t\t\t\t\t<a class=\"elementor-button elementor-button-link elementor-size-sm\" href=\"https:\/\/crei.vnua.edu.vn\/?page_id=3457\">\n\t\t\t\t\t\t<span class=\"elementor-button-content-wrapper\">\n\t\t\t\t\t\t<span class=\"elementor-button-icon\">\n\t\t\t\t<i aria-hidden=\"true\" class=\"vamtamtheme- vamtam-theme-arrow-link-up\"><\/i>\t\t\t<\/span>\n\t\t\t\t\t\t\t\t\t<span class=\"elementor-button-text\">\u1ee8ng ph\u00f3 \u00e1p l\u1ef1c phi sinh h\u1ecdc<\/span>\n\t\t\t\t\t<\/span>\n\t\t\t\t\t<\/a>\n\t\t\t\t<\/div>\n\t\t\t\t\t\t\t\t<\/div>\n\t\t\t\t<\/div>\n\t\t\t\t\t<\/div>\n\t\t\t\t<\/div>\n\t\t<div class=\"elementor-element elementor-element-5aef412 e-flex e-con-boxed e-con e-parent\" data-id=\"5aef412\" data-element_type=\"container\">\n\t\t\t\t\t<div class=\"e-con-inner\">\n\t\t\t\t<div class=\"elementor-element elementor-element-9c9281f elementor-widget elementor-widget-text-editor\" data-id=\"9c9281f\" data-element_type=\"widget\" data-widget_type=\"text-editor.default\">\n\t\t\t\t<div class=\"elementor-widget-container\">\n\t\t\t\t\t\t\t\t\t<p data-start=\"154\" data-end=\"425\"><strong data-start=\"154\" data-end=\"178\">\u00d4ng Nguy\u1ec5n Vi\u1ec7t Long<\/strong> l\u00e0 c\u00e1n b\u1ed9 qu\u1ea3n l\u00fd v\u00e0 nh\u00e0 khoa h\u1ecdc trong l\u0129nh v\u1ef1c n\u00f4ng nghi\u1ec7p, hi\u1ec7n gi\u1eef vai tr\u00f2 <strong data-start=\"258\" data-end=\"288\">Tr\u01b0\u1edfng ban H\u1ee3p t\u00e1c Qu\u1ed1c t\u1ebf<\/strong> t\u1ea1i <span class=\"hover:entity-accent entity-underline inline cursor-pointer align-baseline\"><span class=\"whitespace-normal\">H\u1ecdc vi\u1ec7n N\u00f4ng nghi\u1ec7p Vi\u1ec7t Nam<\/span><\/span>, \u0111\u1ed3ng th\u1eddi tham gia ph\u00e1t tri\u1ec3n c\u00e1c ho\u1ea1t \u0111\u1ed9ng \u0111\u1ed5i m\u1edbi s\u00e1ng t\u1ea1o v\u00e0 k\u1ebft n\u1ed1i qu\u1ed1c t\u1ebf c\u1ee7a H\u1ecdc vi\u1ec7n.<\/p><p data-start=\"427\" data-end=\"498\">V\u1ec1 chuy\u00ean m\u00f4n h\u1ecdc thu\u1eadt, \u00f4ng t\u1eadp trung nghi\u00ean c\u1ee9u trong c\u00e1c l\u0129nh v\u1ef1c:<\/p><ul data-start=\"499\" data-end=\"676\"><li data-section-id=\"1a5xy68\" data-start=\"499\" data-end=\"544\"><strong data-start=\"501\" data-end=\"542\">Plant Breeding (Ch\u1ecdn gi\u1ed1ng c\u00e2y tr\u1ed3ng)<\/strong><\/li><li data-section-id=\"uf3iia\" data-start=\"545\" data-end=\"572\"><strong data-start=\"547\" data-end=\"570\">Agronomy (N\u00f4ng h\u1ecdc)<\/strong><\/li><li data-section-id=\"aaauy7\" data-start=\"573\" data-end=\"676\"><strong data-start=\"575\" data-end=\"674\">Abiotic Stress (\u1ee8ng ph\u00f3 v\u1edbi c\u00e1c y\u1ebfu t\u1ed1 b\u1ea5t l\u1ee3i phi sinh h\u1ecdc nh\u01b0 h\u1ea1n, m\u1eb7n, nhi\u1ec7t \u0111\u1ed9, dinh d\u01b0\u1ee1ng)<\/strong><\/li><\/ul><p data-start=\"678\" data-end=\"970\">C\u00e1c nghi\u00ean c\u1ee9u c\u1ee7a \u00f4ng h\u01b0\u1edbng t\u1edbi vi\u1ec7c <strong data-start=\"716\" data-end=\"788\">c\u1ea3i thi\u1ec7n n\u0103ng su\u1ea5t, ch\u1ea5t l\u01b0\u1ee3ng v\u00e0 kh\u1ea3 n\u0103ng ch\u1ed1ng ch\u1ecbu c\u1ee7a c\u00e2y tr\u1ed3ng<\/strong>, \u0111\u1eb7c bi\u1ec7t trong b\u1ed1i c\u1ea3nh bi\u1ebfn \u0111\u1ed5i kh\u00ed h\u1eadu v\u00e0 c\u00e1c \u0111i\u1ec1u ki\u1ec7n canh t\u00e1c ng\u00e0y c\u00e0ng kh\u1eafc nghi\u1ec7t. \u0110\u00e2y l\u00e0 n\u1ec1n t\u1ea3ng quan tr\u1ecdng \u0111\u1ec3 ph\u00e1t tri\u1ec3n n\u00f4ng nghi\u1ec7p b\u1ec1n v\u1eefng v\u00e0 th\u00edch \u1ee9ng v\u1edbi m\u00f4i tr\u01b0\u1eddng.<\/p><p data-start=\"972\" data-end=\"1053\">B\u00ean c\u1ea1nh ho\u1ea1t \u0111\u1ed9ng nghi\u00ean c\u1ee9u, \u00f4ng Nguy\u1ec5n Vi\u1ec7t Long \u0111\u00f3ng vai tr\u00f2 c\u1ea7u n\u1ed1i trong:<\/p><ul data-start=\"1054\" data-end=\"1351\"><li data-section-id=\"1pvgx1c\" data-start=\"1054\" data-end=\"1147\"><strong data-start=\"1056\" data-end=\"1083\">M\u1edf r\u1ed9ng h\u1ee3p t\u00e1c qu\u1ed1c t\u1ebf<\/strong> v\u1edbi c\u00e1c tr\u01b0\u1eddng \u0111\u1ea1i h\u1ecdc, vi\u1ec7n nghi\u00ean c\u1ee9u v\u00e0 t\u1ed5 ch\u1ee9c ph\u00e1t tri\u1ec3n<\/li><li data-section-id=\"q4ohx8\" data-start=\"1148\" data-end=\"1244\"><strong data-start=\"1150\" data-end=\"1194\">Tri\u1ec3n khai c\u00e1c d\u1ef1 \u00e1n nghi\u00ean c\u1ee9u \u1ee9ng d\u1ee5ng<\/strong>, chuy\u1ec3n giao c\u00f4ng ngh\u1ec7 trong l\u0129nh v\u1ef1c c\u00e2y tr\u1ed3ng<\/li><li data-section-id=\"7c4tsd\" data-start=\"1245\" data-end=\"1351\"><strong data-start=\"1247\" data-end=\"1289\">Th\u00fac \u0111\u1ea9y h\u1ec7 sinh th\u00e1i \u0111\u1ed5i m\u1edbi s\u00e1ng t\u1ea1o<\/strong>, g\u1eafn k\u1ebft gi\u1eefa h\u1ecdc thu\u1eadt \u2013 doanh nghi\u1ec7p \u2013 th\u1ef1c ti\u1ec5n s\u1ea3n xu\u1ea5t<\/li><\/ul><p data-start=\"1353\" data-end=\"1605\" data-is-last-node=\"\" data-is-only-node=\"\">V\u1edbi s\u1ef1 k\u1ebft h\u1ee3p gi\u1eefa n\u1ec1n t\u1ea3ng khoa h\u1ecdc chuy\u00ean s\u00e2u v\u00e0 t\u01b0 duy qu\u1ed1c t\u1ebf h\u00f3a, \u00f4ng Nguy\u1ec5n Vi\u1ec7t Long g\u00f3p ph\u1ea7n quan tr\u1ecdng trong vi\u1ec7c n\u00e2ng cao n\u0103ng l\u1ef1c nghi\u00ean c\u1ee9u, \u0111\u00e0o t\u1ea1o v\u00e0 h\u1ed9i nh\u1eadp c\u1ee7a <span class=\"hover:entity-accent entity-underline inline cursor-pointer align-baseline\"><span class=\"whitespace-normal\">H\u1ecdc vi\u1ec7n N\u00f4ng nghi\u1ec7p Vi\u1ec7t Nam<\/span><\/span> trong l\u0129nh v\u1ef1c n\u00f4ng nghi\u1ec7p hi\u1ec7n \u0111\u1ea1i.<\/p>\t\t\t\t\t\t\t\t<\/div>\n\t\t\t\t<\/div>\n\t\t\t\t\t<\/div>\n\t\t\t\t<\/div>\n\t\t\t\t<\/div>\n\t\t","protected":false},"excerpt":{"rendered":"<p>PGS.TS. Nguy\u1ec5n Vi\u1ec7t Long l\u00e0 c\u00e1n b\u1ed9 c\u00f4ng t\u00e1c t\u1ea1i H\u1ecdc vi\u1ec7n N\u00f4ng nghi\u1ec7p Vi\u1ec7t Nam. \u00d4ng \u0111\u00e3 ho\u00e0n th\u00e0nh \u0111\u00e0o t\u1ea1o sau ti\u1ebfn s\u0129 t\u1ea1i \u0110\u1ea1i h\u1ecdc Bang Kansas (M\u1ef9) v\u1ec1 &#8220;C\u00f4ng ngh\u1ec7 m\u1edbi trong nghi\u00ean c\u1ee9u v\u00e0 qu\u1ea3n l\u00fd s\u1ea3n xu\u1ea5t c\u00e2y tr\u1ed3ng&#8221;, v\u00e0 c\u00f3 b\u1eb1ng Ti\u1ebfn s\u0129 t\u1ea1i \u0110\u1ea1i h\u1ecdc Wageningen UR (H\u00e0 Lan) chuy\u00ean ng\u00e0nh &#8220;Ch\u1ecdn t\u1ea1o gi\u1ed1ng c\u00e2y tr\u1ed3ng&#8221;. Tr\u01b0\u1edbc \u0111\u00f3, \u00f4ng l\u1ea5y b\u1eb1ng Th\u1ea1c s\u0129 t\u1ea1i \u0110\u1ea1i h\u1ecdc Philippines Los Banos v\u00e0 b\u1eb1ng \u0110\u1ea1i h\u1ecdc t\u1ea1i Tr\u01b0\u1eddng \u0110\u1ea1i h\u1ecdc N\u00f4ng nghi\u1ec7p H\u00e0 N\u1ed9i (nay l\u00e0 VNUA).  <\/p>\n","protected":false},"author":1,"featured_media":990842,"parent":1071,"menu_order":0,"comment_status":"closed","ping_status":"closed","template":"","meta":{"footnotes":""},"class_list":["post-2079","page","type-page","status-publish","has-post-thumbnail","hentry"],"_links":{"self":[{"href":"https:\/\/crei.vnua.edu.vn\/index.php?rest_route=\/wp\/v2\/pages\/2079","targetHints":{"allow":["GET"]}}],"collection":[{"href":"https:\/\/crei.vnua.edu.vn\/index.php?rest_route=\/wp\/v2\/pages"}],"about":[{"href":"https:\/\/crei.vnua.edu.vn\/index.php?rest_route=\/wp\/v2\/types\/page"}],"author":[{"embeddable":true,"href":"https:\/\/crei.vnua.edu.vn\/index.php?rest_route=\/wp\/v2\/users\/1"}],"replies":[{"embeddable":true,"href":"https:\/\/crei.vnua.edu.vn\/index.php?rest_route=%2Fwp%2Fv2%2Fcomments&post=2079"}],"version-history":[{"count":24,"href":"https:\/\/crei.vnua.edu.vn\/index.php?rest_route=\/wp\/v2\/pages\/2079\/revisions"}],"predecessor-version":[{"id":990859,"href":"https:\/\/crei.vnua.edu.vn\/index.php?rest_route=\/wp\/v2\/pages\/2079\/revisions\/990859"}],"up":[{"embeddable":true,"href":"https:\/\/crei.vnua.edu.vn\/index.php?rest_route=\/wp\/v2\/pages\/1071"}],"wp:featuredmedia":[{"embeddable":true,"href":"https:\/\/crei.vnua.edu.vn\/index.php?rest_route=\/wp\/v2\/media\/990842"}],"wp:attachment":[{"href":"https:\/\/crei.vnua.edu.vn\/index.php?rest_route=%2Fwp%2Fv2%2Fmedia&parent=2079"}],"curies":[{"name":"wp","href":"https:\/\/api.w.org\/{rel}","templated":true}]}}